
{"id":2539,"date":"2025-04-09T11:30:15","date_gmt":"2025-04-09T09:30:15","guid":{"rendered":"https:\/\/test.realaligner.com\/documentacao\/"},"modified":"2025-10-17T11:58:25","modified_gmt":"2025-10-17T09:58:25","slug":"documentacao","status":"publish","type":"page","link":"https:\/\/test.realaligner.com\/pt-pt\/profissional\/documentacao\/","title":{"rendered":"Documenta\u00e7\u00e3o"},"content":{"rendered":"\t\t<div data-elementor-type=\"wp-page\" data-elementor-id=\"2539\" class=\"elementor elementor-2539 elementor-326\" data-elementor-post-type=\"page\">\n\t\t\t\t<section class=\"elementor-element elementor-element-6311e2c franja-top black e-flex e-con-boxed e-con e-parent\" data-id=\"6311e2c\" data-element_type=\"container\" id=\"top-documentacion\" data-settings=\"{&quot;background_background&quot;:&quot;classic&quot;}\">\n\t\t\t\t\t<div class=\"e-con-inner\">\n\t\t<div class=\"elementor-element elementor-element-073bda6 e-con-full cont-sm e-flex e-con e-child\" data-id=\"073bda6\" data-element_type=\"container\">\n\t\t\t\t<div class=\"elementor-element elementor-element-ba6f89d cont-sm elementor-widget elementor-widget-heading\" data-id=\"ba6f89d\" data-element_type=\"widget\" data-widget_type=\"heading.default\">\n\t\t\t\t<div class=\"elementor-widget-container\">\n\t\t\t\t\t<h2 class=\"elementor-heading-title elementor-size-default\">A sua solu\u00e7\u00e3o de confian\u00e7a para resultados de excel\u00eancia!<\/h2>\t\t\t\t<\/div>\n\t\t\t\t<\/div>\n\t\t\t\t<\/div>\n\t\t\t\t\t<\/div>\n\t\t\t\t<\/section>\n\t\t<section class=\"elementor-element elementor-element-4fe529d padding-section e-flex e-con-boxed e-con e-parent\" data-id=\"4fe529d\" data-element_type=\"container\" id=\"documentacion\" data-settings=\"{&quot;background_background&quot;:&quot;classic&quot;}\">\n\t\t\t\t\t<div class=\"e-con-inner\">\n\t\t<div class=\"elementor-element elementor-element-1bb575d e-con-full cont-sm e-flex e-con e-child\" data-id=\"1bb575d\" data-element_type=\"container\">\n\t\t<div class=\"elementor-element elementor-element-cfa3be0 e-con-full e-flex e-con e-child\" data-id=\"cfa3be0\" data-element_type=\"container\">\n\t\t\t\t<div class=\"elementor-element elementor-element-3b783b0 elementor-widget elementor-widget-heading\" data-id=\"3b783b0\" data-element_type=\"widget\" data-widget_type=\"heading.default\">\n\t\t\t\t<div class=\"elementor-widget-container\">\n\t\t\t\t\t<h2 class=\"elementor-heading-title elementor-size-default\">Instru\u00e7\u00f5es Gerais<\/h2>\t\t\t\t<\/div>\n\t\t\t\t<\/div>\n\t\t\t\t<div class=\"elementor-element elementor-element-bf9049f elementor-widget elementor-widget-text-editor\" data-id=\"bf9049f\" data-element_type=\"widget\" data-widget_type=\"text-editor.default\">\n\t\t\t\t<div class=\"elementor-widget-container\">\n\t\t\t\t\t\t\t\t\t<p><a href=\"https:\/\/test.realaligner.com\/Biblioteca\/pt\/WEB%20-%20ZCR-D-5039-K-Rev-04_611,25x148mm_F.%20Recomendaciones%20uso%20ortodoncia.pdf\" target=\"_blank\" rel=\"noopener\">Instru\u00e7\u00f5es de utiliza\u00e7\u00e3o<\/a><\/p><p><a href=\"\/Biblioteca\/pt\/ZCR-PM-D-5157-K_Instrucciones%20toma%20de%20registros%20ortodoncia%20invisible.pdf\" target=\"_blank\" rel=\"noopener\">Instru\u00e7\u00f5es para a toma de impress\u00e3o digital e anal\u00f3gica<\/a><\/p><p><a href=\"\/Biblioteca\/pt\/ZCR-PM-D-5157-K_Instrucciones toma de registros ortodoncia invisible.pdf\" target=\"_blank\" rel=\"noopener\">Como submeter um caso na Plataforma<\/a><\/p><p><a href=\"\/Biblioteca\/pt\/ZCR-PM-D-5159-K-Rev02_Visualizacion de casos plataforma RealAligner.pdf\" target=\"_blank\" rel=\"noopener\">Como consultar os seus casos na Plataforma<\/a><\/p><p><a href=\"\/Biblioteca\/pt\/K-Documentacion%20de%20casos%20RealAligner-Rev01.pdf\" target=\"_blank\" rel=\"noopener\">Documentos e ficheiros para submiss\u00e3o do caso<\/a><\/p>\t\t\t\t\t\t\t\t<\/div>\n\t\t\t\t<\/div>\n\t\t\t\t<\/div>\n\t\t\t\t<\/div>\n\t\t\t\t<div class=\"elementor-element elementor-element-fdfbc69 elementor-align-center button black elementor-widget elementor-widget-button\" data-id=\"fdfbc69\" data-element_type=\"widget\" data-widget_type=\"button.default\">\n\t\t\t\t<div class=\"elementor-widget-container\">\n\t\t\t\t\t\t\t\t\t<div class=\"elementor-button-wrapper\">\n\t\t\t\t\t<a class=\"elementor-button elementor-button-link elementor-size-sm\" href=\"https:\/\/test.realaligner.com\/pt-pt\/profissional\/contacto\/\">\n\t\t\t\t\t\t<span class=\"elementor-button-content-wrapper\">\n\t\t\t\t\t\t\t\t\t<span class=\"elementor-button-text\">Contacte-nos<\/span>\n\t\t\t\t\t<\/span>\n\t\t\t\t\t<\/a>\n\t\t\t\t<\/div>\n\t\t\t\t\t\t\t\t<\/div>\n\t\t\t\t<\/div>\n\t\t\t\t\t<\/div>\n\t\t\t\t<\/section>\n\t\t\t\t<\/div>\n\t\t","protected":false},"excerpt":{"rendered":"<p>A sua solu\u00e7\u00e3o de confian\u00e7a para resultados de excel\u00eancia! Instru\u00e7\u00f5es Gerais Instru\u00e7\u00f5es de utiliza\u00e7\u00e3o Instru\u00e7\u00f5es para a toma de impress\u00e3o digital e anal\u00f3gica Como submeter um caso na Plataforma Como consultar os seus casos na Plataforma Documentos e ficheiros para submiss\u00e3o do caso Contacte-nos<\/p>\n","protected":false},"author":1,"featured_media":0,"parent":2560,"menu_order":0,"comment_status":"closed","ping_status":"closed","template":"elementor_header_footer","meta":{"footnotes":""},"class_list":["post-2539","page","type-page","status-publish","hentry"],"yoast_head":"<!-- This site is optimized with the Yoast SEO plugin v26.3 - https:\/\/yoast.com\/wordpress\/plugins\/seo\/ -->\n<title>Documenta\u00e7\u00e3o - RealAligner<\/title>\n<meta name=\"robots\" content=\"noindex, follow, max-snippet:-1, max-image-preview:large, max-video-preview:-1\" \/>\n<meta property=\"og:locale\" content=\"pt_PT\" \/>\n<meta property=\"og:type\" content=\"article\" \/>\n<meta property=\"og:title\" content=\"Documenta\u00e7\u00e3o - RealAligner\" \/>\n<meta property=\"og:description\" content=\"A sua solu\u00e7\u00e3o de confian\u00e7a para resultados de excel\u00eancia! Instru\u00e7\u00f5es Gerais Instru\u00e7\u00f5es de utiliza\u00e7\u00e3o Instru\u00e7\u00f5es para a toma de impress\u00e3o digital e anal\u00f3gica Como submeter um caso na Plataforma Como consultar os seus casos na Plataforma Documentos e ficheiros para submiss\u00e3o do caso Contacte-nos\" \/>\n<meta property=\"og:url\" content=\"https:\/\/test.realaligner.com\/pt-pt\/profissional\/documentacao\/\" \/>\n<meta property=\"og:site_name\" content=\"RealAligner\" \/>\n<meta property=\"article:modified_time\" content=\"2025-10-17T09:58:25+00:00\" \/>\n<meta name=\"twitter:card\" content=\"summary_large_image\" \/>\n<meta name=\"twitter:label1\" content=\"Tempo estimado de leitura\" \/>\n\t<meta name=\"twitter:data1\" content=\"1 minuto\" \/>\n<script type=\"application\/ld+json\" class=\"yoast-schema-graph\">{\"@context\":\"https:\/\/schema.org\",\"@graph\":[{\"@type\":\"WebPage\",\"@id\":\"https:\/\/test.realaligner.com\/pt-pt\/profissional\/documentacao\/\",\"url\":\"https:\/\/test.realaligner.com\/pt-pt\/profissional\/documentacao\/\",\"name\":\"Documenta\u00e7\u00e3o - RealAligner\",\"isPartOf\":{\"@id\":\"https:\/\/test.realaligner.com\/pt-pt\/#website\"},\"datePublished\":\"2025-04-09T09:30:15+00:00\",\"dateModified\":\"2025-10-17T09:58:25+00:00\",\"breadcrumb\":{\"@id\":\"https:\/\/test.realaligner.com\/pt-pt\/profissional\/documentacao\/#breadcrumb\"},\"inLanguage\":\"pt-PT\",\"potentialAction\":[{\"@type\":\"ReadAction\",\"target\":[\"https:\/\/test.realaligner.com\/pt-pt\/profissional\/documentacao\/\"]}]},{\"@type\":\"BreadcrumbList\",\"@id\":\"https:\/\/test.realaligner.com\/pt-pt\/profissional\/documentacao\/#breadcrumb\",\"itemListElement\":[{\"@type\":\"ListItem\",\"position\":1,\"name\":\"Portada\",\"item\":\"https:\/\/test.realaligner.com\/pt-pt\/\"},{\"@type\":\"ListItem\",\"position\":2,\"name\":\"Profissional\",\"item\":\"https:\/\/test.realaligner.com\/pt-pt\/profissional\/\"},{\"@type\":\"ListItem\",\"position\":3,\"name\":\"Documenta\u00e7\u00e3o\"}]},{\"@type\":\"WebSite\",\"@id\":\"https:\/\/test.realaligner.com\/pt-pt\/#website\",\"url\":\"https:\/\/test.realaligner.com\/pt-pt\/\",\"name\":\"RealAligner\",\"description\":\"\",\"potentialAction\":[{\"@type\":\"SearchAction\",\"target\":{\"@type\":\"EntryPoint\",\"urlTemplate\":\"https:\/\/test.realaligner.com\/pt-pt\/?s={search_term_string}\"},\"query-input\":{\"@type\":\"PropertyValueSpecification\",\"valueRequired\":true,\"valueName\":\"search_term_string\"}}],\"inLanguage\":\"pt-PT\"}]}<\/script>\n<!-- \/ Yoast SEO plugin. -->","yoast_head_json":{"title":"Documenta\u00e7\u00e3o - RealAligner","robots":{"index":"noindex","follow":"follow","max-snippet":"max-snippet:-1","max-image-preview":"max-image-preview:large","max-video-preview":"max-video-preview:-1"},"og_locale":"pt_PT","og_type":"article","og_title":"Documenta\u00e7\u00e3o - RealAligner","og_description":"A sua solu\u00e7\u00e3o de confian\u00e7a para resultados de excel\u00eancia! Instru\u00e7\u00f5es Gerais Instru\u00e7\u00f5es de utiliza\u00e7\u00e3o Instru\u00e7\u00f5es para a toma de impress\u00e3o digital e anal\u00f3gica Como submeter um caso na Plataforma Como consultar os seus casos na Plataforma Documentos e ficheiros para submiss\u00e3o do caso Contacte-nos","og_url":"https:\/\/test.realaligner.com\/pt-pt\/profissional\/documentacao\/","og_site_name":"RealAligner","article_modified_time":"2025-10-17T09:58:25+00:00","twitter_card":"summary_large_image","twitter_misc":{"Tempo estimado de leitura":"1 minuto"},"schema":{"@context":"https:\/\/schema.org","@graph":[{"@type":"WebPage","@id":"https:\/\/test.realaligner.com\/pt-pt\/profissional\/documentacao\/","url":"https:\/\/test.realaligner.com\/pt-pt\/profissional\/documentacao\/","name":"Documenta\u00e7\u00e3o - RealAligner","isPartOf":{"@id":"https:\/\/test.realaligner.com\/pt-pt\/#website"},"datePublished":"2025-04-09T09:30:15+00:00","dateModified":"2025-10-17T09:58:25+00:00","breadcrumb":{"@id":"https:\/\/test.realaligner.com\/pt-pt\/profissional\/documentacao\/#breadcrumb"},"inLanguage":"pt-PT","potentialAction":[{"@type":"ReadAction","target":["https:\/\/test.realaligner.com\/pt-pt\/profissional\/documentacao\/"]}]},{"@type":"BreadcrumbList","@id":"https:\/\/test.realaligner.com\/pt-pt\/profissional\/documentacao\/#breadcrumb","itemListElement":[{"@type":"ListItem","position":1,"name":"Portada","item":"https:\/\/test.realaligner.com\/pt-pt\/"},{"@type":"ListItem","position":2,"name":"Profissional","item":"https:\/\/test.realaligner.com\/pt-pt\/profissional\/"},{"@type":"ListItem","position":3,"name":"Documenta\u00e7\u00e3o"}]},{"@type":"WebSite","@id":"https:\/\/test.realaligner.com\/pt-pt\/#website","url":"https:\/\/test.realaligner.com\/pt-pt\/","name":"RealAligner","description":"","potentialAction":[{"@type":"SearchAction","target":{"@type":"EntryPoint","urlTemplate":"https:\/\/test.realaligner.com\/pt-pt\/?s={search_term_string}"},"query-input":{"@type":"PropertyValueSpecification","valueRequired":true,"valueName":"search_term_string"}}],"inLanguage":"pt-PT"}]}},"_links":{"self":[{"href":"https:\/\/test.realaligner.com\/pt-pt\/wp-json\/wp\/v2\/pages\/2539","targetHints":{"allow":["GET"]}}],"collection":[{"href":"https:\/\/test.realaligner.com\/pt-pt\/wp-json\/wp\/v2\/pages"}],"about":[{"href":"https:\/\/test.realaligner.com\/pt-pt\/wp-json\/wp\/v2\/types\/page"}],"author":[{"embeddable":true,"href":"https:\/\/test.realaligner.com\/pt-pt\/wp-json\/wp\/v2\/users\/1"}],"replies":[{"embeddable":true,"href":"https:\/\/test.realaligner.com\/pt-pt\/wp-json\/wp\/v2\/comments?post=2539"}],"version-history":[{"count":14,"href":"https:\/\/test.realaligner.com\/pt-pt\/wp-json\/wp\/v2\/pages\/2539\/revisions"}],"predecessor-version":[{"id":4091,"href":"https:\/\/test.realaligner.com\/pt-pt\/wp-json\/wp\/v2\/pages\/2539\/revisions\/4091"}],"up":[{"embeddable":true,"href":"https:\/\/test.realaligner.com\/pt-pt\/wp-json\/wp\/v2\/pages\/2560"}],"wp:attachment":[{"href":"https:\/\/test.realaligner.com\/pt-pt\/wp-json\/wp\/v2\/media?parent=2539"}],"curies":[{"name":"wp","href":"https:\/\/api.w.org\/{rel}","templated":true}]}}