
{"id":2484,"date":"2025-04-08T10:39:44","date_gmt":"2025-04-08T08:39:44","guid":{"rendered":"https:\/\/test.realaligner.com\/como-funciona\/"},"modified":"2025-11-04T13:37:14","modified_gmt":"2025-11-04T12:37:14","slug":"como-funciona","status":"publish","type":"page","link":"https:\/\/test.realaligner.com\/pt-pt\/como-funciona\/","title":{"rendered":"Como funciona"},"content":{"rendered":"\t\t<div data-elementor-type=\"wp-page\" data-elementor-id=\"2484\" class=\"elementor elementor-2484 elementor-32\" data-elementor-post-type=\"page\">\n\t\t\t\t<section class=\"elementor-element elementor-element-b3eb7c3 franja-top yellow e-flex e-con-boxed e-con e-parent\" data-id=\"b3eb7c3\" data-element_type=\"container\">\n\t\t\t\t\t<div class=\"e-con-inner\">\n\t\t<div class=\"elementor-element elementor-element-cd80a4a e-con-full cont-vacio e-flex e-con e-child\" data-id=\"cd80a4a\" data-element_type=\"container\">\n\t\t\t\t<\/div>\n\t\t<div class=\"elementor-element elementor-element-aaef23e e-con-full e-flex e-con e-child\" data-id=\"aaef23e\" data-element_type=\"container\">\n\t\t\t\t<div class=\"elementor-element elementor-element-ad69cf5 big elementor-invisible elementor-widget elementor-widget-heading\" data-id=\"ad69cf5\" data-element_type=\"widget\" data-settings=\"{&quot;_animation&quot;:&quot;fadeIn&quot;}\" data-widget_type=\"heading.default\">\n\t\t\t\t<div class=\"elementor-widget-container\">\n\t\t\t\t\t<h2 class=\"elementor-heading-title elementor-size-default\">Transparente no sorriso. Vis\u00edvel nos resultados. <\/h2>\t\t\t\t<\/div>\n\t\t\t\t<\/div>\n\t\t\t\t<\/div>\n\t\t\t\t\t<\/div>\n\t\t\t\t<\/section>\n\t\t<section class=\"elementor-element elementor-element-5885600 consulta cont-sm e-flex e-con-boxed e-con e-parent\" data-id=\"5885600\" data-element_type=\"container\">\n\t\t\t\t\t<div class=\"e-con-inner\">\n\t\t<div class=\"elementor-element elementor-element-8e6a644 e-con-full cont-s e-flex e-con e-child\" data-id=\"8e6a644\" data-element_type=\"container\">\n\t\t<div class=\"elementor-element elementor-element-4fad23a e-con-full cont-img-superior e-flex e-con e-child\" data-id=\"4fad23a\" data-element_type=\"container\">\n\t\t\t\t<div class=\"elementor-element elementor-element-c497a64 elementor-invisible elementor-widget elementor-widget-image\" data-id=\"c497a64\" data-element_type=\"widget\" data-settings=\"{&quot;_animation&quot;:&quot;fadeInUp&quot;}\" data-widget_type=\"image.default\">\n\t\t\t\t<div class=\"elementor-widget-container\">\n\t\t\t\t\t\t\t\t\t\t\t\t\t\t\t<img fetchpriority=\"high\" decoding=\"async\" width=\"373\" height=\"315\" src=\"https:\/\/test.realaligner.com\/wp-content\/uploads\/2025\/04\/realaliger-img.png\" class=\"attachment-large size-large wp-image-2286\" alt=\"\" srcset=\"https:\/\/test.realaligner.com\/wp-content\/uploads\/2025\/04\/realaliger-img.png 373w, https:\/\/test.realaligner.com\/wp-content\/uploads\/2025\/04\/realaliger-img-300x253.png 300w\" sizes=\"(max-width: 373px) 100vw, 373px\" \/>\t\t\t\t\t\t\t\t\t\t\t\t\t\t\t<\/div>\n\t\t\t\t<\/div>\n\t\t\t\t<\/div>\n\t\t<div class=\"elementor-element elementor-element-951e649 e-con-full e-flex e-con e-child\" data-id=\"951e649\" data-element_type=\"container\">\n\t\t\t\t<div class=\"elementor-element elementor-element-15a4e30 elementor-invisible elementor-widget elementor-widget-text-editor\" data-id=\"15a4e30\" data-element_type=\"widget\" data-settings=\"{&quot;_animation&quot;:&quot;fadeInUp&quot;}\" data-widget_type=\"text-editor.default\">\n\t\t\t\t<div class=\"elementor-widget-container\">\n\t\t\t\t\t\t\t\t\t<p>O tratamento ortod\u00f4ntico invis\u00edvel <strong>RealAligner<\/strong> \u00e9 um m\u00e9todo est\u00e9tico e discreto, desenvolvido para a sua m\u00e1xima comodidade.\u00a0<\/p>\t\t\t\t\t\t\t\t<\/div>\n\t\t\t\t<\/div>\n\t\t\t\t<\/div>\n\t\t\t\t<\/div>\n\t\t\t\t<div class=\"elementor-element elementor-element-e03b2b3 elementor-invisible elementor-widget elementor-widget-image\" data-id=\"e03b2b3\" data-element_type=\"widget\" data-settings=\"{&quot;_animation&quot;:&quot;fadeIn&quot;}\" data-widget_type=\"image.default\">\n\t\t\t\t<div class=\"elementor-widget-container\">\n\t\t\t\t\t\t\t\t\t\t\t\t\t\t\t<img decoding=\"async\" width=\"800\" height=\"470\" src=\"https:\/\/test.realaligner.com\/wp-content\/uploads\/2025\/11\/RA_WEBSITE-1-1024x601.png\" class=\"attachment-large size-large wp-image-4238\" alt=\"\" srcset=\"https:\/\/test.realaligner.com\/wp-content\/uploads\/2025\/11\/RA_WEBSITE-1-1024x601.png 1024w, https:\/\/test.realaligner.com\/wp-content\/uploads\/2025\/11\/RA_WEBSITE-1-300x176.png 300w, https:\/\/test.realaligner.com\/wp-content\/uploads\/2025\/11\/RA_WEBSITE-1-768x451.png 768w, https:\/\/test.realaligner.com\/wp-content\/uploads\/2025\/11\/RA_WEBSITE-1.png 1077w\" sizes=\"(max-width: 800px) 100vw, 800px\" \/>\t\t\t\t\t\t\t\t\t\t\t\t\t\t\t<\/div>\n\t\t\t\t<\/div>\n\t\t<div class=\"elementor-element elementor-element-2a7aeea e-con-full linea e-flex elementor-invisible e-con e-child\" data-id=\"2a7aeea\" data-element_type=\"container\" data-settings=\"{&quot;animation&quot;:&quot;fadeIn&quot;}\">\n\t\t\t\t<\/div>\n\t\t\t\t<div class=\"elementor-element elementor-element-2e6d76a text-consulta elementor-invisible elementor-widget elementor-widget-text-editor\" data-id=\"2e6d76a\" data-element_type=\"widget\" data-settings=\"{&quot;_animation&quot;:&quot;fadeIn&quot;}\" data-widget_type=\"text-editor.default\">\n\t\t\t\t<div class=\"elementor-widget-container\">\n\t\t\t\t\t\t\t\t\t<p><span dir=\"auto\" style=\"vertical-align: inherit;\"><span dir=\"auto\" style=\"vertical-align: inherit;\"><span dir=\"auto\" style=\"vertical-align: inherit;\"><span dir=\"auto\" style=\"vertical-align: inherit;\">Consulte o seu dentista para obter mais informa\u00e7\u00f5es sobre o seu caso.<\/span><\/span><\/span><\/span><\/p>\t\t\t\t\t\t\t\t<\/div>\n\t\t\t\t<\/div>\n\t\t\t\t\t<\/div>\n\t\t\t\t<\/section>\n\t\t<section class=\"elementor-element elementor-element-95ef794 bg-como e-flex e-con-boxed e-con e-parent\" data-id=\"95ef794\" data-element_type=\"container\" data-settings=\"{&quot;background_background&quot;:&quot;classic&quot;,&quot;background_motion_fx_motion_fx_scrolling&quot;:&quot;yes&quot;,&quot;background_motion_fx_translateY_effect&quot;:&quot;yes&quot;,&quot;background_motion_fx_translateY_speed&quot;:{&quot;unit&quot;:&quot;px&quot;,&quot;size&quot;:3,&quot;sizes&quot;:[]},&quot;background_motion_fx_translateY_affectedRange&quot;:{&quot;unit&quot;:&quot;%&quot;,&quot;size&quot;:&quot;&quot;,&quot;sizes&quot;:{&quot;start&quot;:0,&quot;end&quot;:100}},&quot;background_motion_fx_devices&quot;:[&quot;desktop&quot;,&quot;tablet&quot;,&quot;mobile&quot;]}\">\n\t\t\t\t\t<div class=\"e-con-inner\">\n\t\t\t\t\t<\/div>\n\t\t\t\t<\/section>\n\t\t<section class=\"elementor-element elementor-element-731b7e5 e-flex e-con-boxed e-con e-parent\" data-id=\"731b7e5\" data-element_type=\"container\" id=\"dudas\">\n\t\t\t\t\t<div class=\"e-con-inner\">\n\t\t<div class=\"elementor-element elementor-element-8be8610 e-con-full texto-gracias e-flex e-con e-child\" data-id=\"8be8610\" data-element_type=\"container\">\n\t\t<div class=\"elementor-element elementor-element-bc1b4bd e-con-full e-flex e-con e-child\" data-id=\"bc1b4bd\" data-element_type=\"container\">\n\t\t\t\t<div class=\"elementor-element elementor-element-37e27ac elementor-invisible elementor-widget elementor-widget-image\" data-id=\"37e27ac\" data-element_type=\"widget\" data-settings=\"{&quot;_animation&quot;:&quot;fadeInLeft&quot;}\" data-widget_type=\"image.default\">\n\t\t\t\t<div class=\"elementor-widget-container\">\n\t\t\t\t\t\t\t\t\t\t\t\t\t\t\t<img decoding=\"async\" width=\"261\" height=\"201\" src=\"https:\/\/test.realaligner.com\/wp-content\/uploads\/2025\/05\/dentadura-puntos.png\" class=\"attachment-large size-large wp-image-2421\" alt=\"\" \/>\t\t\t\t\t\t\t\t\t\t\t\t\t\t\t<\/div>\n\t\t\t\t<\/div>\n\t\t\t\t<\/div>\n\t\t<div class=\"elementor-element elementor-element-ef1e632 e-con-full e-flex e-con e-child\" data-id=\"ef1e632\" data-element_type=\"container\">\n\t\t\t\t<div class=\"elementor-element elementor-element-cd74952 elementor-invisible elementor-widget elementor-widget-text-editor\" data-id=\"cd74952\" data-element_type=\"widget\" data-settings=\"{&quot;_animation&quot;:&quot;fadeInRight&quot;}\" data-widget_type=\"text-editor.default\">\n\t\t\t\t<div class=\"elementor-widget-container\">\n\t\t\t\t\t\t\t\t\t<p data-pm-slice=\"1 1 []\">Os alinhadores RealAligner s\u00e3o concebidos com recurso \u00e0 mais recente tecnologia, proporcionando tratamentos de ortodontia invis\u00edvel <b>previs\u00edveis, eficazes e confort\u00e1veis<\/b>.&nbsp;<\/p>\n<p data-pm-slice=\"1 1 []\">Desta forma, o RealAligner garante um <b>maior controlo<\/b> e flexibilidade ao longo do tratamento, oferecendo um produto simultaneamente <b>ajustado, resistente, confort\u00e1vel e eficiente.<\/b><\/p>\t\t\t\t\t\t\t\t<\/div>\n\t\t\t\t<\/div>\n\t\t\t\t<\/div>\n\t\t\t\t<\/div>\n\t\t<div class=\"elementor-element elementor-element-01c336e e-con-full cont-dudas e-flex elementor-invisible e-con e-child\" data-id=\"01c336e\" data-element_type=\"container\" data-settings=\"{&quot;animation&quot;:&quot;fadeIn&quot;}\">\n\t\t\t\t<div class=\"elementor-element elementor-element-9da2ed5 cont-up-text elementor-widget__width-initial elementor-widget elementor-widget-text-editor\" data-id=\"9da2ed5\" data-element_type=\"widget\" data-widget_type=\"text-editor.default\">\n\t\t\t\t<div class=\"elementor-widget-container\">\n\t\t\t\t\t\t\t\t\t<p><span dir=\"auto\" style=\"vertical-align: inherit;\"><span dir=\"auto\" style=\"vertical-align: inherit;\"><span dir=\"auto\" style=\"vertical-align: inherit;\"><span dir=\"auto\" style=\"vertical-align: inherit;\"><span dir=\"auto\" style=\"vertical-align: inherit;\"><span dir=\"auto\" style=\"vertical-align: inherit;\"><span dir=\"auto\" style=\"vertical-align: inherit;\"><span dir=\"auto\" style=\"vertical-align: inherit;\">Um plano personalizado que recorre \u00e0 mais recente <\/span><\/span><\/span><\/span><\/span><\/span><\/span><\/span><strong><span dir=\"auto\" style=\"vertical-align: inherit;\"><span dir=\"auto\" style=\"vertical-align: inherit;\"><span dir=\"auto\" style=\"vertical-align: inherit;\"><span dir=\"auto\" style=\"vertical-align: inherit;\"><span dir=\"auto\" style=\"vertical-align: inherit;\"><span dir=\"auto\" style=\"vertical-align: inherit;\"><span dir=\"auto\" style=\"vertical-align: inherit;\"><span dir=\"auto\" style=\"vertical-align: inherit;\">tecnologia<\/span><\/span><\/span><\/span><\/span><\/span><\/span><\/span><\/strong><span dir=\"auto\" style=\"vertical-align: inherit;\"><span dir=\"auto\" style=\"vertical-align: inherit;\"><span dir=\"auto\" style=\"vertical-align: inherit;\"><span dir=\"auto\" style=\"vertical-align: inherit;\"><span dir=\"auto\" style=\"vertical-align: inherit;\"><span dir=\"auto\" style=\"vertical-align: inherit;\"><span dir=\"auto\" style=\"vertical-align: inherit;\"><span dir=\"auto\" style=\"vertical-align: inherit;\">, permitindo-lhe obter resultados no <\/span><\/span><\/span><\/span><\/span><\/span><\/span><\/span><strong><span dir=\"auto\" style=\"vertical-align: inherit;\"><span dir=\"auto\" style=\"vertical-align: inherit;\"><span dir=\"auto\" style=\"vertical-align: inherit;\"><span dir=\"auto\" style=\"vertical-align: inherit;\"><span dir=\"auto\" style=\"vertical-align: inherit;\"><span dir=\"auto\" style=\"vertical-align: inherit;\"><span dir=\"auto\" style=\"vertical-align: inherit;\"><span dir=\"auto\" style=\"vertical-align: inherit;\">menor espa\u00e7o de tempo<\/span><\/span><\/span><\/span><\/span><\/span><\/span><\/span><\/strong><span dir=\"auto\" style=\"vertical-align: inherit;\"><span dir=\"auto\" style=\"vertical-align: inherit;\"><span dir=\"auto\" style=\"vertical-align: inherit;\"><span dir=\"auto\" style=\"vertical-align: inherit;\"><span dir=\"auto\" style=\"vertical-align: inherit;\"><span dir=\"auto\" style=\"vertical-align: inherit;\"><span dir=\"auto\" style=\"vertical-align: inherit;\"><span dir=\"auto\" style=\"vertical-align: inherit;\"> poss\u00edvel, proporcionando um <\/span><\/span><\/span><\/span><\/span><\/span><\/span><\/span><strong><span dir=\"auto\" style=\"vertical-align: inherit;\"><span dir=\"auto\" style=\"vertical-align: inherit;\"><span dir=\"auto\" style=\"vertical-align: inherit;\"><span dir=\"auto\" style=\"vertical-align: inherit;\"><span dir=\"auto\" style=\"vertical-align: inherit;\"><span dir=\"auto\" style=\"vertical-align: inherit;\"><span dir=\"auto\" style=\"vertical-align: inherit;\"><span dir=\"auto\" style=\"vertical-align: inherit;\">tratamento mais eficaz.<\/span><\/span><\/span><\/span><\/span><\/span><\/span><\/span><\/strong><\/p>\t\t\t\t\t\t\t\t<\/div>\n\t\t\t\t<\/div>\n\t\t\t\t<div class=\"elementor-element elementor-element-f40b894 elementor-widget elementor-widget-image\" data-id=\"f40b894\" data-element_type=\"widget\" data-widget_type=\"image.default\">\n\t\t\t\t<div class=\"elementor-widget-container\">\n\t\t\t\t\t\t\t\t\t\t\t\t\t\t\t<img loading=\"lazy\" decoding=\"async\" width=\"582\" height=\"525\" src=\"https:\/\/test.realaligner.com\/wp-content\/uploads\/2025\/04\/cuadrado.png\" class=\"attachment-full size-full wp-image-2088\" alt=\"\" srcset=\"https:\/\/test.realaligner.com\/wp-content\/uploads\/2025\/04\/cuadrado.png 582w, https:\/\/test.realaligner.com\/wp-content\/uploads\/2025\/04\/cuadrado-300x271.png 300w\" sizes=\"(max-width: 582px) 100vw, 582px\" \/>\t\t\t\t\t\t\t\t\t\t\t\t\t\t\t<\/div>\n\t\t\t\t<\/div>\n\t\t\t\t<div class=\"elementor-element elementor-element-9b496ef elementor-align-center button yellow elementor-widget elementor-widget-button\" data-id=\"9b496ef\" data-element_type=\"widget\" data-widget_type=\"button.default\">\n\t\t\t\t<div class=\"elementor-widget-container\">\n\t\t\t\t\t\t\t\t\t<div class=\"elementor-button-wrapper\">\n\t\t\t\t\t<a class=\"elementor-button elementor-button-link elementor-size-sm\" href=\"#\">\n\t\t\t\t\t\t<span class=\"elementor-button-content-wrapper\">\n\t\t\t\t\t\t\t\t\t<span class=\"elementor-button-text\">Quer saber mais?<\/span>\n\t\t\t\t\t<\/span>\n\t\t\t\t\t<\/a>\n\t\t\t\t<\/div>\n\t\t\t\t\t\t\t\t<\/div>\n\t\t\t\t<\/div>\n\t\t\t\t<\/div>\n\t\t\t\t\t<\/div>\n\t\t\t\t<\/section>\n\t\t\t\t<\/div>\n\t\t","protected":false},"excerpt":{"rendered":"<p>Transparente no sorriso. Vis\u00edvel nos resultados. O tratamento ortod\u00f4ntico invis\u00edvel RealAligner \u00e9 um m\u00e9todo est\u00e9tico e discreto, desenvolvido para a sua m\u00e1xima comodidade.\u00a0 Consulte o seu dentista para obter mais informa\u00e7\u00f5es sobre o seu caso. Os alinhadores RealAligner s\u00e3o concebidos com recurso \u00e0 mais recente tecnologia, proporcionando tratamentos de ortodontia invis\u00edvel previs\u00edveis, eficazes e confort\u00e1veis.&nbsp; [&hellip;]<\/p>\n","protected":false},"author":1,"featured_media":0,"parent":0,"menu_order":0,"comment_status":"closed","ping_status":"closed","template":"elementor_header_footer","meta":{"footnotes":""},"class_list":["post-2484","page","type-page","status-publish","hentry"],"yoast_head":"<!-- This site is optimized with the Yoast SEO plugin v26.3 - https:\/\/yoast.com\/wordpress\/plugins\/seo\/ -->\n<title>Como funciona - RealAligner<\/title>\n<meta name=\"robots\" content=\"noindex, follow, max-snippet:-1, max-image-preview:large, max-video-preview:-1\" \/>\n<meta property=\"og:locale\" content=\"pt_PT\" \/>\n<meta property=\"og:type\" content=\"article\" \/>\n<meta property=\"og:title\" content=\"Como funciona - RealAligner\" \/>\n<meta property=\"og:description\" content=\"Transparente no sorriso. Vis\u00edvel nos resultados. O tratamento ortod\u00f4ntico invis\u00edvel RealAligner \u00e9 um m\u00e9todo est\u00e9tico e discreto, desenvolvido para a sua m\u00e1xima comodidade.\u00a0 Consulte o seu dentista para obter mais informa\u00e7\u00f5es sobre o seu caso. Os alinhadores RealAligner s\u00e3o concebidos com recurso \u00e0 mais recente tecnologia, proporcionando tratamentos de ortodontia invis\u00edvel previs\u00edveis, eficazes e confort\u00e1veis.&nbsp; [&hellip;]\" \/>\n<meta property=\"og:url\" content=\"https:\/\/test.realaligner.com\/pt-pt\/como-funciona\/\" \/>\n<meta property=\"og:site_name\" content=\"RealAligner\" \/>\n<meta property=\"article:modified_time\" content=\"2025-11-04T12:37:14+00:00\" \/>\n<meta property=\"og:image\" content=\"https:\/\/test.realaligner.com\/wp-content\/uploads\/2025\/04\/realaliger-img.png\" \/>\n\t<meta property=\"og:image:width\" content=\"373\" \/>\n\t<meta property=\"og:image:height\" content=\"315\" \/>\n\t<meta property=\"og:image:type\" content=\"image\/png\" \/>\n<meta name=\"twitter:card\" content=\"summary_large_image\" \/>\n<meta name=\"twitter:label1\" content=\"Tempo estimado de leitura\" \/>\n\t<meta name=\"twitter:data1\" content=\"2 minutos\" \/>\n<script type=\"application\/ld+json\" class=\"yoast-schema-graph\">{\"@context\":\"https:\/\/schema.org\",\"@graph\":[{\"@type\":\"WebPage\",\"@id\":\"https:\/\/test.realaligner.com\/pt-pt\/como-funciona\/\",\"url\":\"https:\/\/test.realaligner.com\/pt-pt\/como-funciona\/\",\"name\":\"Como funciona - RealAligner\",\"isPartOf\":{\"@id\":\"https:\/\/test.realaligner.com\/pt-pt\/#website\"},\"primaryImageOfPage\":{\"@id\":\"https:\/\/test.realaligner.com\/pt-pt\/como-funciona\/#primaryimage\"},\"image\":{\"@id\":\"https:\/\/test.realaligner.com\/pt-pt\/como-funciona\/#primaryimage\"},\"thumbnailUrl\":\"https:\/\/test.realaligner.com\/wp-content\/uploads\/2025\/04\/realaliger-img.png\",\"datePublished\":\"2025-04-08T08:39:44+00:00\",\"dateModified\":\"2025-11-04T12:37:14+00:00\",\"breadcrumb\":{\"@id\":\"https:\/\/test.realaligner.com\/pt-pt\/como-funciona\/#breadcrumb\"},\"inLanguage\":\"pt-PT\",\"potentialAction\":[{\"@type\":\"ReadAction\",\"target\":[\"https:\/\/test.realaligner.com\/pt-pt\/como-funciona\/\"]}]},{\"@type\":\"ImageObject\",\"inLanguage\":\"pt-PT\",\"@id\":\"https:\/\/test.realaligner.com\/pt-pt\/como-funciona\/#primaryimage\",\"url\":\"https:\/\/test.realaligner.com\/wp-content\/uploads\/2025\/04\/realaliger-img.png\",\"contentUrl\":\"https:\/\/test.realaligner.com\/wp-content\/uploads\/2025\/04\/realaliger-img.png\"},{\"@type\":\"BreadcrumbList\",\"@id\":\"https:\/\/test.realaligner.com\/pt-pt\/como-funciona\/#breadcrumb\",\"itemListElement\":[{\"@type\":\"ListItem\",\"position\":1,\"name\":\"Portada\",\"item\":\"https:\/\/test.realaligner.com\/pt-pt\/\"},{\"@type\":\"ListItem\",\"position\":2,\"name\":\"Como funciona\"}]},{\"@type\":\"WebSite\",\"@id\":\"https:\/\/test.realaligner.com\/pt-pt\/#website\",\"url\":\"https:\/\/test.realaligner.com\/pt-pt\/\",\"name\":\"RealAligner\",\"description\":\"\",\"potentialAction\":[{\"@type\":\"SearchAction\",\"target\":{\"@type\":\"EntryPoint\",\"urlTemplate\":\"https:\/\/test.realaligner.com\/pt-pt\/?s={search_term_string}\"},\"query-input\":{\"@type\":\"PropertyValueSpecification\",\"valueRequired\":true,\"valueName\":\"search_term_string\"}}],\"inLanguage\":\"pt-PT\"}]}<\/script>\n<!-- \/ Yoast SEO plugin. -->","yoast_head_json":{"title":"Como funciona - RealAligner","robots":{"index":"noindex","follow":"follow","max-snippet":"max-snippet:-1","max-image-preview":"max-image-preview:large","max-video-preview":"max-video-preview:-1"},"og_locale":"pt_PT","og_type":"article","og_title":"Como funciona - RealAligner","og_description":"Transparente no sorriso. Vis\u00edvel nos resultados. O tratamento ortod\u00f4ntico invis\u00edvel RealAligner \u00e9 um m\u00e9todo est\u00e9tico e discreto, desenvolvido para a sua m\u00e1xima comodidade.\u00a0 Consulte o seu dentista para obter mais informa\u00e7\u00f5es sobre o seu caso. Os alinhadores RealAligner s\u00e3o concebidos com recurso \u00e0 mais recente tecnologia, proporcionando tratamentos de ortodontia invis\u00edvel previs\u00edveis, eficazes e confort\u00e1veis.&nbsp; [&hellip;]","og_url":"https:\/\/test.realaligner.com\/pt-pt\/como-funciona\/","og_site_name":"RealAligner","article_modified_time":"2025-11-04T12:37:14+00:00","og_image":[{"width":373,"height":315,"url":"https:\/\/test.realaligner.com\/wp-content\/uploads\/2025\/04\/realaliger-img.png","type":"image\/png"}],"twitter_card":"summary_large_image","twitter_misc":{"Tempo estimado de leitura":"2 minutos"},"schema":{"@context":"https:\/\/schema.org","@graph":[{"@type":"WebPage","@id":"https:\/\/test.realaligner.com\/pt-pt\/como-funciona\/","url":"https:\/\/test.realaligner.com\/pt-pt\/como-funciona\/","name":"Como funciona - RealAligner","isPartOf":{"@id":"https:\/\/test.realaligner.com\/pt-pt\/#website"},"primaryImageOfPage":{"@id":"https:\/\/test.realaligner.com\/pt-pt\/como-funciona\/#primaryimage"},"image":{"@id":"https:\/\/test.realaligner.com\/pt-pt\/como-funciona\/#primaryimage"},"thumbnailUrl":"https:\/\/test.realaligner.com\/wp-content\/uploads\/2025\/04\/realaliger-img.png","datePublished":"2025-04-08T08:39:44+00:00","dateModified":"2025-11-04T12:37:14+00:00","breadcrumb":{"@id":"https:\/\/test.realaligner.com\/pt-pt\/como-funciona\/#breadcrumb"},"inLanguage":"pt-PT","potentialAction":[{"@type":"ReadAction","target":["https:\/\/test.realaligner.com\/pt-pt\/como-funciona\/"]}]},{"@type":"ImageObject","inLanguage":"pt-PT","@id":"https:\/\/test.realaligner.com\/pt-pt\/como-funciona\/#primaryimage","url":"https:\/\/test.realaligner.com\/wp-content\/uploads\/2025\/04\/realaliger-img.png","contentUrl":"https:\/\/test.realaligner.com\/wp-content\/uploads\/2025\/04\/realaliger-img.png"},{"@type":"BreadcrumbList","@id":"https:\/\/test.realaligner.com\/pt-pt\/como-funciona\/#breadcrumb","itemListElement":[{"@type":"ListItem","position":1,"name":"Portada","item":"https:\/\/test.realaligner.com\/pt-pt\/"},{"@type":"ListItem","position":2,"name":"Como funciona"}]},{"@type":"WebSite","@id":"https:\/\/test.realaligner.com\/pt-pt\/#website","url":"https:\/\/test.realaligner.com\/pt-pt\/","name":"RealAligner","description":"","potentialAction":[{"@type":"SearchAction","target":{"@type":"EntryPoint","urlTemplate":"https:\/\/test.realaligner.com\/pt-pt\/?s={search_term_string}"},"query-input":{"@type":"PropertyValueSpecification","valueRequired":true,"valueName":"search_term_string"}}],"inLanguage":"pt-PT"}]}},"_links":{"self":[{"href":"https:\/\/test.realaligner.com\/pt-pt\/wp-json\/wp\/v2\/pages\/2484","targetHints":{"allow":["GET"]}}],"collection":[{"href":"https:\/\/test.realaligner.com\/pt-pt\/wp-json\/wp\/v2\/pages"}],"about":[{"href":"https:\/\/test.realaligner.com\/pt-pt\/wp-json\/wp\/v2\/types\/page"}],"author":[{"embeddable":true,"href":"https:\/\/test.realaligner.com\/pt-pt\/wp-json\/wp\/v2\/users\/1"}],"replies":[{"embeddable":true,"href":"https:\/\/test.realaligner.com\/pt-pt\/wp-json\/wp\/v2\/comments?post=2484"}],"version-history":[{"count":17,"href":"https:\/\/test.realaligner.com\/pt-pt\/wp-json\/wp\/v2\/pages\/2484\/revisions"}],"predecessor-version":[{"id":4247,"href":"https:\/\/test.realaligner.com\/pt-pt\/wp-json\/wp\/v2\/pages\/2484\/revisions\/4247"}],"wp:attachment":[{"href":"https:\/\/test.realaligner.com\/pt-pt\/wp-json\/wp\/v2\/media?parent=2484"}],"curies":[{"name":"wp","href":"https:\/\/api.w.org\/{rel}","templated":true}]}}