
{"id":2477,"date":"2025-04-07T18:29:43","date_gmt":"2025-04-07T16:29:43","guid":{"rendered":"https:\/\/test.realaligner.com\/casa\/"},"modified":"2025-10-19T23:35:00","modified_gmt":"2025-10-19T21:35:00","slug":"home","status":"publish","type":"page","link":"https:\/\/test.realaligner.com\/pt-pt\/","title":{"rendered":"Home"},"content":{"rendered":"\t\t<div data-elementor-type=\"wp-page\" data-elementor-id=\"2477\" class=\"elementor elementor-2477 elementor-25\" data-elementor-post-type=\"page\">\n\t\t\t\t<section class=\"elementor-element elementor-element-d519dba franja-top yellow e-flex e-con-boxed e-con e-parent\" data-id=\"d519dba\" data-element_type=\"container\">\n\t\t\t\t\t<div class=\"e-con-inner\">\n\t\t<div class=\"elementor-element elementor-element-5205f33 e-con-full cont-vacio e-flex e-con e-child\" data-id=\"5205f33\" data-element_type=\"container\">\n\t\t\t\t<\/div>\n\t\t<div class=\"elementor-element elementor-element-2283be7 e-con-full e-flex elementor-invisible e-con e-child\" data-id=\"2283be7\" data-element_type=\"container\" data-settings=\"{&quot;animation&quot;:&quot;fadeIn&quot;}\">\n\t\t\t\t<div class=\"elementor-element elementor-element-ca6d112 big elementor-widget elementor-widget-heading\" data-id=\"ca6d112\" data-element_type=\"widget\" data-widget_type=\"heading.default\">\n\t\t\t\t<div class=\"elementor-widget-container\">\n\t\t\t\t\t<h2 class=\"elementor-heading-title elementor-size-default\">Sorrisos que brilham<\/h2>\t\t\t\t<\/div>\n\t\t\t\t<\/div>\n\t\t\t\t<div class=\"elementor-element elementor-element-4ddd8a2 elementor-widget elementor-widget-heading\" data-id=\"4ddd8a2\" data-element_type=\"widget\" data-widget_type=\"heading.default\">\n\t\t\t\t<div class=\"elementor-widget-container\">\n\t\t\t\t\t<h2 class=\"elementor-heading-title elementor-size-default\">Concebido por especialistas<\/h2>\t\t\t\t<\/div>\n\t\t\t\t<\/div>\n\t\t\t\t<\/div>\n\t\t\t\t\t<\/div>\n\t\t\t\t<\/section>\n\t\t<section class=\"elementor-element elementor-element-1233a8b e-flex e-con-boxed e-con e-parent\" data-id=\"1233a8b\" data-element_type=\"container\" id=\"chica\" data-settings=\"{&quot;animation&quot;:&quot;none&quot;}\">\n\t\t\t\t\t<div class=\"e-con-inner\">\n\t\t<div class=\"elementor-element elementor-element-8a4d933 e-con-full e-flex e-con e-child\" data-id=\"8a4d933\" data-element_type=\"container\">\n\t\t\t\t<div class=\"elementor-element elementor-element-ffeeb0e img-chica elementor-widget elementor-widget-image\" data-id=\"ffeeb0e\" data-element_type=\"widget\" data-widget_type=\"image.default\">\n\t\t\t\t<div class=\"elementor-widget-container\">\n\t\t\t\t\t\t\t\t\t\t\t\t\t\t\t<img fetchpriority=\"high\" decoding=\"async\" width=\"590\" height=\"1016\" src=\"https:\/\/test.realaligner.com\/wp-content\/uploads\/2025\/04\/alinador.png\" class=\"attachment-large size-large wp-image-1998\" alt=\"\" srcset=\"https:\/\/test.realaligner.com\/wp-content\/uploads\/2025\/04\/alinador.png 590w, https:\/\/test.realaligner.com\/wp-content\/uploads\/2025\/04\/alinador-174x300.png 174w\" sizes=\"(max-width: 590px) 100vw, 590px\" \/>\t\t\t\t\t\t\t\t\t\t\t\t\t\t\t<\/div>\n\t\t\t\t<\/div>\n\t\t\t\t<\/div>\n\t\t<div class=\"elementor-element elementor-element-44a5d7b e-con-full e-flex e-con e-child\" data-id=\"44a5d7b\" data-element_type=\"container\">\n\t\t\t\t<div class=\"elementor-element elementor-element-d0a4815 elementor-invisible elementor-widget elementor-widget-text-editor\" data-id=\"d0a4815\" data-element_type=\"widget\" data-settings=\"{&quot;_animation&quot;:&quot;fadeIn&quot;}\" data-widget_type=\"text-editor.default\">\n\t\t\t\t<div class=\"elementor-widget-container\">\n\t\t\t\t\t\t\t\t\t<p><span dir=\"auto\" style=\"vertical-align: inherit;\"><span dir=\"auto\" style=\"vertical-align: inherit;\">O objetivo do RealAligner \u00e9 faz\u00ea-lo(a) sorrir muito e com orgulho. A nossa equipe de ortodontistas oferece aconselhamento especializado e suporte personalizado, guiando o tratamento para os resultados que procura de forma simples, confort\u00e1vel e altamente est\u00e9tica, que oferece vantagens significativas em rela\u00e7\u00e3o \u00e0 ortodontia convencional.<\/span><\/span><\/p>\t\t\t\t\t\t\t\t<\/div>\n\t\t\t\t<\/div>\n\t\t<div class=\"elementor-element elementor-element-b1a05d2 e-con-full e-grid cont-procediminetos e-con e-child\" data-id=\"b1a05d2\" data-element_type=\"container\">\n\t\t<div class=\"elementor-element elementor-element-6f64726 e-con-full e-flex elementor-invisible e-con e-child\" data-id=\"6f64726\" data-element_type=\"container\" data-settings=\"{&quot;animation&quot;:&quot;fadeInUp&quot;}\">\n\t\t\t\t<div class=\"elementor-element elementor-element-675cfcc elementor-widget__width-initial elementor-widget elementor-widget-image\" data-id=\"675cfcc\" data-element_type=\"widget\" data-widget_type=\"image.default\">\n\t\t\t\t<div class=\"elementor-widget-container\">\n\t\t\t\t\t\t\t\t\t\t\t\t\t\t\t<img decoding=\"async\" width=\"200\" height=\"200\" src=\"https:\/\/test.realaligner.com\/wp-content\/uploads\/2025\/05\/icon-higiene-1.png\" class=\"attachment-large size-large wp-image-2385\" alt=\"\" srcset=\"https:\/\/test.realaligner.com\/wp-content\/uploads\/2025\/05\/icon-higiene-1.png 200w, https:\/\/test.realaligner.com\/wp-content\/uploads\/2025\/05\/icon-higiene-1-150x150.png 150w\" sizes=\"(max-width: 200px) 100vw, 200px\" \/>\t\t\t\t\t\t\t\t\t\t\t\t\t\t\t<\/div>\n\t\t\t\t<\/div>\n\t\t\t\t<div class=\"elementor-element elementor-element-6898905 elementor-widget elementor-widget-heading\" data-id=\"6898905\" data-element_type=\"widget\" data-widget_type=\"heading.default\">\n\t\t\t\t<div class=\"elementor-widget-container\">\n\t\t\t\t\t<h3 class=\"elementor-heading-title elementor-size-default\">Melhoria da higiene<\/h3>\t\t\t\t<\/div>\n\t\t\t\t<\/div>\n\t\t\t\t<\/div>\n\t\t<div class=\"elementor-element elementor-element-cb9941b e-con-full e-flex elementor-invisible e-con e-child\" data-id=\"cb9941b\" data-element_type=\"container\" data-settings=\"{&quot;animation&quot;:&quot;fadeInUp&quot;}\">\n\t\t\t\t<div class=\"elementor-element elementor-element-7b60c39 elementor-widget__width-initial elementor-widget elementor-widget-image\" data-id=\"7b60c39\" data-element_type=\"widget\" data-widget_type=\"image.default\">\n\t\t\t\t<div class=\"elementor-widget-container\">\n\t\t\t\t\t\t\t\t\t\t\t\t\t\t\t<img decoding=\"async\" width=\"200\" height=\"200\" src=\"https:\/\/test.realaligner.com\/wp-content\/uploads\/2025\/05\/icon-doloroso-1.png\" class=\"attachment-large size-large wp-image-2388\" alt=\"\" srcset=\"https:\/\/test.realaligner.com\/wp-content\/uploads\/2025\/05\/icon-doloroso-1.png 200w, https:\/\/test.realaligner.com\/wp-content\/uploads\/2025\/05\/icon-doloroso-1-150x150.png 150w\" sizes=\"(max-width: 200px) 100vw, 200px\" \/>\t\t\t\t\t\t\t\t\t\t\t\t\t\t\t<\/div>\n\t\t\t\t<\/div>\n\t\t\t\t<div class=\"elementor-element elementor-element-2535912 elementor-widget elementor-widget-heading\" data-id=\"2535912\" data-element_type=\"widget\" data-widget_type=\"heading.default\">\n\t\t\t\t<div class=\"elementor-widget-container\">\n\t\t\t\t\t<h3 class=\"elementor-heading-title elementor-size-default\">Procedimento<br>menos doloroso<\/h3>\t\t\t\t<\/div>\n\t\t\t\t<\/div>\n\t\t\t\t<\/div>\n\t\t<div class=\"elementor-element elementor-element-0d5aedf e-con-full e-flex elementor-invisible e-con e-child\" data-id=\"0d5aedf\" data-element_type=\"container\" data-settings=\"{&quot;animation&quot;:&quot;fadeInUp&quot;}\">\n\t\t\t\t<div class=\"elementor-element elementor-element-926d2e9 elementor-widget__width-initial elementor-widget elementor-widget-image\" data-id=\"926d2e9\" data-element_type=\"widget\" data-widget_type=\"image.default\">\n\t\t\t\t<div class=\"elementor-widget-container\">\n\t\t\t\t\t\t\t\t\t\t\t\t\t\t\t<img loading=\"lazy\" decoding=\"async\" width=\"200\" height=\"200\" src=\"https:\/\/test.realaligner.com\/wp-content\/uploads\/2025\/05\/icon-repercusion.png\" class=\"attachment-large size-large wp-image-2391\" alt=\"\" srcset=\"https:\/\/test.realaligner.com\/wp-content\/uploads\/2025\/05\/icon-repercusion.png 200w, https:\/\/test.realaligner.com\/wp-content\/uploads\/2025\/05\/icon-repercusion-150x150.png 150w\" sizes=\"(max-width: 200px) 100vw, 200px\" \/>\t\t\t\t\t\t\t\t\t\t\t\t\t\t\t<\/div>\n\t\t\t\t<\/div>\n\t\t\t\t<div class=\"elementor-element elementor-element-f943b6c elementor-widget elementor-widget-heading\" data-id=\"f943b6c\" data-element_type=\"widget\" data-widget_type=\"heading.default\">\n\t\t\t\t<div class=\"elementor-widget-container\">\n\t\t\t\t\t<h3 class=\"elementor-heading-title elementor-size-default\">N\u00e3o tem impacto no<br> speech  <\/h3>\t\t\t\t<\/div>\n\t\t\t\t<\/div>\n\t\t\t\t<\/div>\n\t\t<div class=\"elementor-element elementor-element-9001490 e-con-full e-flex elementor-invisible e-con e-child\" data-id=\"9001490\" data-element_type=\"container\" data-settings=\"{&quot;animation&quot;:&quot;fadeInUp&quot;}\">\n\t\t\t\t<div class=\"elementor-element elementor-element-916bbbd elementor-widget__width-initial elementor-widget elementor-widget-image\" data-id=\"916bbbd\" data-element_type=\"widget\" data-widget_type=\"image.default\">\n\t\t\t\t<div class=\"elementor-widget-container\">\n\t\t\t\t\t\t\t\t\t\t\t\t\t\t\t<img loading=\"lazy\" decoding=\"async\" width=\"200\" height=\"200\" src=\"https:\/\/test.realaligner.com\/wp-content\/uploads\/2025\/05\/icon-esteticos.png\" class=\"attachment-large size-large wp-image-2400\" alt=\"\" srcset=\"https:\/\/test.realaligner.com\/wp-content\/uploads\/2025\/05\/icon-esteticos.png 200w, https:\/\/test.realaligner.com\/wp-content\/uploads\/2025\/05\/icon-esteticos-150x150.png 150w\" sizes=\"(max-width: 200px) 100vw, 200px\" \/>\t\t\t\t\t\t\t\t\t\t\t\t\t\t\t<\/div>\n\t\t\t\t<\/div>\n\t\t\t\t<div class=\"elementor-element elementor-element-60a6ecc elementor-widget elementor-widget-heading\" data-id=\"60a6ecc\" data-element_type=\"widget\" data-widget_type=\"heading.default\">\n\t\t\t\t<div class=\"elementor-widget-container\">\n\t\t\t\t\t<h3 class=\"elementor-heading-title elementor-size-default\">Est\u00e9tica<\/h3>\t\t\t\t<\/div>\n\t\t\t\t<\/div>\n\t\t\t\t<\/div>\n\t\t<div class=\"elementor-element elementor-element-2e7be58 e-con-full e-flex elementor-invisible e-con e-child\" data-id=\"2e7be58\" data-element_type=\"container\" data-settings=\"{&quot;animation&quot;:&quot;fadeInUp&quot;}\">\n\t\t\t\t<div class=\"elementor-element elementor-element-57127de elementor-widget__width-initial elementor-widget elementor-widget-image\" data-id=\"57127de\" data-element_type=\"widget\" data-widget_type=\"image.default\">\n\t\t\t\t<div class=\"elementor-widget-container\">\n\t\t\t\t\t\t\t\t\t\t\t\t\t\t\t<img loading=\"lazy\" decoding=\"async\" width=\"200\" height=\"200\" src=\"https:\/\/test.realaligner.com\/wp-content\/uploads\/2025\/05\/icon-visitas.png\" class=\"attachment-large size-large wp-image-2397\" alt=\"\" srcset=\"https:\/\/test.realaligner.com\/wp-content\/uploads\/2025\/05\/icon-visitas.png 200w, https:\/\/test.realaligner.com\/wp-content\/uploads\/2025\/05\/icon-visitas-150x150.png 150w\" sizes=\"(max-width: 200px) 100vw, 200px\" \/>\t\t\t\t\t\t\t\t\t\t\t\t\t\t\t<\/div>\n\t\t\t\t<\/div>\n\t\t\t\t<div class=\"elementor-element elementor-element-38f66e8 elementor-widget elementor-widget-heading\" data-id=\"38f66e8\" data-element_type=\"widget\" data-widget_type=\"heading.default\">\n\t\t\t\t<div class=\"elementor-widget-container\">\n\t\t\t\t\t<h3 class=\"elementor-heading-title elementor-size-default\">N\u00famero m\u00ednimo de visitas \u00e0 cl\u00ednica<br><\/h3>\t\t\t\t<\/div>\n\t\t\t\t<\/div>\n\t\t\t\t<\/div>\n\t\t<div class=\"elementor-element elementor-element-1cf66d4 e-con-full e-flex elementor-invisible e-con e-child\" data-id=\"1cf66d4\" data-element_type=\"container\" data-settings=\"{&quot;animation&quot;:&quot;fadeInUp&quot;}\">\n\t\t\t\t<div class=\"elementor-element elementor-element-b09eca5 elementor-widget__width-initial elementor-widget elementor-widget-image\" data-id=\"b09eca5\" data-element_type=\"widget\" data-widget_type=\"image.default\">\n\t\t\t\t<div class=\"elementor-widget-container\">\n\t\t\t\t\t\t\t\t\t\t\t\t\t\t\t<img loading=\"lazy\" decoding=\"async\" width=\"200\" height=\"200\" src=\"https:\/\/test.realaligner.com\/wp-content\/uploads\/2025\/05\/icon-adaptabilidad.png\" class=\"attachment-large size-large wp-image-2394\" alt=\"\" srcset=\"https:\/\/test.realaligner.com\/wp-content\/uploads\/2025\/05\/icon-adaptabilidad.png 200w, https:\/\/test.realaligner.com\/wp-content\/uploads\/2025\/05\/icon-adaptabilidad-150x150.png 150w\" sizes=\"(max-width: 200px) 100vw, 200px\" \/>\t\t\t\t\t\t\t\t\t\t\t\t\t\t\t<\/div>\n\t\t\t\t<\/div>\n\t\t\t\t<div class=\"elementor-element elementor-element-e0b31c9 elementor-widget elementor-widget-heading\" data-id=\"e0b31c9\" data-element_type=\"widget\" data-widget_type=\"heading.default\">\n\t\t\t\t<div class=\"elementor-widget-container\">\n\t\t\t\t\t<h3 class=\"elementor-heading-title elementor-size-default\">Adaptabilidade total<\/h3>\t\t\t\t<\/div>\n\t\t\t\t<\/div>\n\t\t\t\t<\/div>\n\t\t\t\t<\/div>\n\t\t\t\t<\/div>\n\t\t\t\t\t<\/div>\n\t\t\t\t<\/section>\n\t\t<section class=\"elementor-element elementor-element-72bd40e padding-section-bottom e-flex e-con-boxed e-con e-parent\" data-id=\"72bd40e\" data-element_type=\"container\" id=\"porque\" data-settings=\"{&quot;background_background&quot;:&quot;classic&quot;}\">\n\t\t\t\t\t<div class=\"e-con-inner\">\n\t\t<div class=\"elementor-element elementor-element-7726e23 e-con-full cont-main e-flex e-con e-child\" data-id=\"7726e23\" data-element_type=\"container\">\n\t\t<div class=\"elementor-element elementor-element-4a67d71 e-con-full cont-porque e-flex e-con e-child\" data-id=\"4a67d71\" data-element_type=\"container\" data-settings=\"{&quot;animation&quot;:&quot;none&quot;}\">\n\t\t\t\t<div class=\"elementor-element elementor-element-6801092 title-logo elementor-invisible elementor-widget elementor-widget-text-editor\" data-id=\"6801092\" data-element_type=\"widget\" data-settings=\"{&quot;_animation&quot;:&quot;fadeInUp&quot;}\" data-widget_type=\"text-editor.default\">\n\t\t\t\t<div class=\"elementor-widget-container\">\n\t\t\t\t\t\t\t\t\t<h2><span dir=\"auto\" style=\"vertical-align: inherit;\"><span dir=\"auto\" style=\"vertical-align: inherit;\">Porque o que \u00e9 <\/span><\/span><img loading=\"lazy\" decoding=\"async\" class=\"alignnone wp-image-1796 size-full\" src=\"https:\/\/test.realaligner.com\/wp-content\/uploads\/2025\/05\/logo-realaligner-noclaim-1.png\" alt=\"\" width=\"225\" height=\"63\" \/> <br \/><span dir=\"auto\" style=\"vertical-align: inherit;\"><span dir=\"auto\" style=\"vertical-align: inherit;\">\u00e9 para si?<\/span><\/span><\/h2>\t\t\t\t\t\t\t\t<\/div>\n\t\t\t\t<\/div>\n\t\t\t\t<div class=\"elementor-element elementor-element-5291d29 elementor-invisible elementor-widget elementor-widget-text-editor\" data-id=\"5291d29\" data-element_type=\"widget\" data-settings=\"{&quot;_animation&quot;:&quot;fadeInUp&quot;}\" data-widget_type=\"text-editor.default\">\n\t\t\t\t<div class=\"elementor-widget-container\">\n\t\t\t\t\t\t\t\t\t<p>Maior previsibilidade, ajuste e desempenho: o Real Aligner combina for\u00e7a, precis\u00e3o e conforto para proporcionar um tratamento eficiente do in\u00edcio ao fim.<\/p>\t\t\t\t\t\t\t\t<\/div>\n\t\t\t\t<\/div>\n\t\t<div class=\"elementor-element elementor-element-efddf72 e-con-full cont-dentadura e-flex elementor-invisible e-con e-child\" data-id=\"efddf72\" data-element_type=\"container\" data-settings=\"{&quot;animation&quot;:&quot;fadeInUp&quot;}\">\n\t\t\t\t<div class=\"elementor-element elementor-element-891bee4 img-dentadura elementor-widget elementor-widget-image\" data-id=\"891bee4\" data-element_type=\"widget\" data-widget_type=\"image.default\">\n\t\t\t\t<div class=\"elementor-widget-container\">\n\t\t\t\t\t\t\t\t\t\t\t\t\t\t\t<img loading=\"lazy\" decoding=\"async\" width=\"300\" height=\"284\" src=\"https:\/\/test.realaligner.com\/wp-content\/uploads\/2025\/05\/dentadura-home.jpg\" class=\"attachment-large size-large wp-image-2358\" alt=\"\" \/>\t\t\t\t\t\t\t\t\t\t\t\t\t\t\t<\/div>\n\t\t\t\t<\/div>\n\t\t\t\t<div class=\"elementor-element elementor-element-b8ce973 elementor-widget__width-inherit text elementor-widget elementor-widget-text-editor\" data-id=\"b8ce973\" data-element_type=\"widget\" data-widget_type=\"text-editor.default\">\n\t\t\t\t<div class=\"elementor-widget-container\">\n\t\t\t\t\t\t\t\t\t<p><span dir=\"auto\" style=\"vertical-align: inherit;\"><span dir=\"auto\" style=\"vertical-align: inherit;\">O RealAligner oferece maior <\/span><\/span><strong><span dir=\"auto\" style=\"vertical-align: inherit;\"><span dir=\"auto\" style=\"vertical-align: inherit;\">controlo e <\/span><\/span><\/strong><strong><span dir=\"auto\" style=\"vertical-align: inherit;\"><span dir=\"auto\" style=\"vertical-align: inherit;\">flexibilidade<\/span><\/span><\/strong><span dir=\"auto\" style=\"vertical-align: inherit;\"><span dir=\"auto\" style=\"vertical-align: inherit;\"> no tratamento, com um produto t\u00e3o forte e dur\u00e1vel quanto confort\u00e1vel e eficiente.<\/span><\/span><\/p>\t\t\t\t\t\t\t\t<\/div>\n\t\t\t\t<\/div>\n\t\t\t\t<\/div>\n\t\t\t\t<div class=\"elementor-element elementor-element-5d2e472 elementor-align-center button yellow elementor-invisible elementor-widget elementor-widget-button\" data-id=\"5d2e472\" data-element_type=\"widget\" data-settings=\"{&quot;_animation&quot;:&quot;fadeIn&quot;}\" data-widget_type=\"button.default\">\n\t\t\t\t<div class=\"elementor-widget-container\">\n\t\t\t\t\t\t\t\t\t<div class=\"elementor-button-wrapper\">\n\t\t\t\t\t<a class=\"elementor-button elementor-button-link elementor-size-sm\" href=\"https:\/\/test.realaligner.com\/pt-pt\/porque-escolher-nos\/\">\n\t\t\t\t\t\t<span class=\"elementor-button-content-wrapper\">\n\t\t\t\t\t\t\t\t\t<span class=\"elementor-button-text\">Porqu\u00ea escolher-nos<\/span>\n\t\t\t\t\t<\/span>\n\t\t\t\t\t<\/a>\n\t\t\t\t<\/div>\n\t\t\t\t\t\t\t\t<\/div>\n\t\t\t\t<\/div>\n\t\t\t\t<\/div>\n\t\t\t\t<\/div>\n\t\t\t\t\t<\/div>\n\t\t\t\t<\/section>\n\t\t\t\t<\/div>\n\t\t","protected":false},"excerpt":{"rendered":"<p>Sorrisos que brilham Concebido por especialistas O objetivo do RealAligner \u00e9 faz\u00ea-lo(a) sorrir muito e com orgulho. A nossa equipe de ortodontistas oferece aconselhamento especializado e suporte personalizado, guiando o tratamento para os resultados que procura de forma simples, confort\u00e1vel e altamente est\u00e9tica, que oferece vantagens significativas em rela\u00e7\u00e3o \u00e0 ortodontia convencional. Melhoria da higiene [&hellip;]<\/p>\n","protected":false},"author":1,"featured_media":0,"parent":0,"menu_order":0,"comment_status":"closed","ping_status":"closed","template":"elementor_header_footer","meta":{"footnotes":""},"class_list":["post-2477","page","type-page","status-publish","hentry"],"yoast_head":"<!-- This site is optimized with the Yoast SEO plugin v26.3 - https:\/\/yoast.com\/wordpress\/plugins\/seo\/ -->\n<title>RealAligner - Ortodontia invis\u00edvel<\/title>\n<meta name=\"robots\" content=\"noindex, follow, max-snippet:-1, max-image-preview:large, max-video-preview:-1\" \/>\n<meta property=\"og:locale\" content=\"pt_PT\" \/>\n<meta property=\"og:type\" content=\"article\" \/>\n<meta property=\"og:title\" content=\"RealAligner - Ortodontia invis\u00edvel\" \/>\n<meta property=\"og:description\" content=\"Sorrisos que brilham Concebido por especialistas O objetivo do RealAligner \u00e9 faz\u00ea-lo(a) sorrir muito e com orgulho. A nossa equipe de ortodontistas oferece aconselhamento especializado e suporte personalizado, guiando o tratamento para os resultados que procura de forma simples, confort\u00e1vel e altamente est\u00e9tica, que oferece vantagens significativas em rela\u00e7\u00e3o \u00e0 ortodontia convencional. Melhoria da higiene [&hellip;]\" \/>\n<meta property=\"og:url\" content=\"https:\/\/test.realaligner.com\/pt-pt\/\" \/>\n<meta property=\"og:site_name\" content=\"RealAligner\" \/>\n<meta property=\"article:modified_time\" content=\"2025-10-19T21:35:00+00:00\" \/>\n<meta property=\"og:image\" content=\"https:\/\/test.realaligner.com\/wp-content\/uploads\/2025\/04\/alinador.png\" \/>\n\t<meta property=\"og:image:width\" content=\"590\" \/>\n\t<meta property=\"og:image:height\" content=\"1016\" \/>\n\t<meta property=\"og:image:type\" content=\"image\/png\" \/>\n<meta name=\"twitter:card\" content=\"summary_large_image\" \/>\n<meta name=\"twitter:label1\" content=\"Tempo estimado de leitura\" \/>\n\t<meta name=\"twitter:data1\" content=\"3 minutos\" \/>\n<script type=\"application\/ld+json\" class=\"yoast-schema-graph\">{\"@context\":\"https:\/\/schema.org\",\"@graph\":[{\"@type\":\"WebPage\",\"@id\":\"https:\/\/test.realaligner.com\/pt-pt\/\",\"url\":\"https:\/\/test.realaligner.com\/pt-pt\/\",\"name\":\"RealAligner - Ortodontia invis\u00edvel\",\"isPartOf\":{\"@id\":\"https:\/\/test.realaligner.com\/pt-pt\/#website\"},\"primaryImageOfPage\":{\"@id\":\"https:\/\/test.realaligner.com\/pt-pt\/#primaryimage\"},\"image\":{\"@id\":\"https:\/\/test.realaligner.com\/pt-pt\/#primaryimage\"},\"thumbnailUrl\":\"https:\/\/test.realaligner.com\/wp-content\/uploads\/2025\/04\/alinador.png\",\"datePublished\":\"2025-04-07T16:29:43+00:00\",\"dateModified\":\"2025-10-19T21:35:00+00:00\",\"breadcrumb\":{\"@id\":\"https:\/\/test.realaligner.com\/pt-pt\/#breadcrumb\"},\"inLanguage\":\"pt-PT\",\"potentialAction\":[{\"@type\":\"ReadAction\",\"target\":[\"https:\/\/test.realaligner.com\/pt-pt\/\"]}]},{\"@type\":\"ImageObject\",\"inLanguage\":\"pt-PT\",\"@id\":\"https:\/\/test.realaligner.com\/pt-pt\/#primaryimage\",\"url\":\"https:\/\/test.realaligner.com\/wp-content\/uploads\/2025\/04\/alinador.png\",\"contentUrl\":\"https:\/\/test.realaligner.com\/wp-content\/uploads\/2025\/04\/alinador.png\"},{\"@type\":\"BreadcrumbList\",\"@id\":\"https:\/\/test.realaligner.com\/pt-pt\/#breadcrumb\",\"itemListElement\":[{\"@type\":\"ListItem\",\"position\":1,\"name\":\"Portada\",\"item\":\"https:\/\/test.realaligner.com\/pt-pt\/\"},{\"@type\":\"ListItem\",\"position\":2,\"name\":\"Home\"}]},{\"@type\":\"WebSite\",\"@id\":\"https:\/\/test.realaligner.com\/pt-pt\/#website\",\"url\":\"https:\/\/test.realaligner.com\/pt-pt\/\",\"name\":\"RealAligner\",\"description\":\"\",\"potentialAction\":[{\"@type\":\"SearchAction\",\"target\":{\"@type\":\"EntryPoint\",\"urlTemplate\":\"https:\/\/test.realaligner.com\/pt-pt\/?s={search_term_string}\"},\"query-input\":{\"@type\":\"PropertyValueSpecification\",\"valueRequired\":true,\"valueName\":\"search_term_string\"}}],\"inLanguage\":\"pt-PT\"}]}<\/script>\n<!-- \/ Yoast SEO plugin. -->","yoast_head_json":{"title":"RealAligner - Ortodontia invis\u00edvel","robots":{"index":"noindex","follow":"follow","max-snippet":"max-snippet:-1","max-image-preview":"max-image-preview:large","max-video-preview":"max-video-preview:-1"},"og_locale":"pt_PT","og_type":"article","og_title":"RealAligner - Ortodontia invis\u00edvel","og_description":"Sorrisos que brilham Concebido por especialistas O objetivo do RealAligner \u00e9 faz\u00ea-lo(a) sorrir muito e com orgulho. A nossa equipe de ortodontistas oferece aconselhamento especializado e suporte personalizado, guiando o tratamento para os resultados que procura de forma simples, confort\u00e1vel e altamente est\u00e9tica, que oferece vantagens significativas em rela\u00e7\u00e3o \u00e0 ortodontia convencional. Melhoria da higiene [&hellip;]","og_url":"https:\/\/test.realaligner.com\/pt-pt\/","og_site_name":"RealAligner","article_modified_time":"2025-10-19T21:35:00+00:00","og_image":[{"width":590,"height":1016,"url":"https:\/\/test.realaligner.com\/wp-content\/uploads\/2025\/04\/alinador.png","type":"image\/png"}],"twitter_card":"summary_large_image","twitter_misc":{"Tempo estimado de leitura":"3 minutos"},"schema":{"@context":"https:\/\/schema.org","@graph":[{"@type":"WebPage","@id":"https:\/\/test.realaligner.com\/pt-pt\/","url":"https:\/\/test.realaligner.com\/pt-pt\/","name":"RealAligner - Ortodontia invis\u00edvel","isPartOf":{"@id":"https:\/\/test.realaligner.com\/pt-pt\/#website"},"primaryImageOfPage":{"@id":"https:\/\/test.realaligner.com\/pt-pt\/#primaryimage"},"image":{"@id":"https:\/\/test.realaligner.com\/pt-pt\/#primaryimage"},"thumbnailUrl":"https:\/\/test.realaligner.com\/wp-content\/uploads\/2025\/04\/alinador.png","datePublished":"2025-04-07T16:29:43+00:00","dateModified":"2025-10-19T21:35:00+00:00","breadcrumb":{"@id":"https:\/\/test.realaligner.com\/pt-pt\/#breadcrumb"},"inLanguage":"pt-PT","potentialAction":[{"@type":"ReadAction","target":["https:\/\/test.realaligner.com\/pt-pt\/"]}]},{"@type":"ImageObject","inLanguage":"pt-PT","@id":"https:\/\/test.realaligner.com\/pt-pt\/#primaryimage","url":"https:\/\/test.realaligner.com\/wp-content\/uploads\/2025\/04\/alinador.png","contentUrl":"https:\/\/test.realaligner.com\/wp-content\/uploads\/2025\/04\/alinador.png"},{"@type":"BreadcrumbList","@id":"https:\/\/test.realaligner.com\/pt-pt\/#breadcrumb","itemListElement":[{"@type":"ListItem","position":1,"name":"Portada","item":"https:\/\/test.realaligner.com\/pt-pt\/"},{"@type":"ListItem","position":2,"name":"Home"}]},{"@type":"WebSite","@id":"https:\/\/test.realaligner.com\/pt-pt\/#website","url":"https:\/\/test.realaligner.com\/pt-pt\/","name":"RealAligner","description":"","potentialAction":[{"@type":"SearchAction","target":{"@type":"EntryPoint","urlTemplate":"https:\/\/test.realaligner.com\/pt-pt\/?s={search_term_string}"},"query-input":{"@type":"PropertyValueSpecification","valueRequired":true,"valueName":"search_term_string"}}],"inLanguage":"pt-PT"}]}},"_links":{"self":[{"href":"https:\/\/test.realaligner.com\/pt-pt\/wp-json\/wp\/v2\/pages\/2477","targetHints":{"allow":["GET"]}}],"collection":[{"href":"https:\/\/test.realaligner.com\/pt-pt\/wp-json\/wp\/v2\/pages"}],"about":[{"href":"https:\/\/test.realaligner.com\/pt-pt\/wp-json\/wp\/v2\/types\/page"}],"author":[{"embeddable":true,"href":"https:\/\/test.realaligner.com\/pt-pt\/wp-json\/wp\/v2\/users\/1"}],"replies":[{"embeddable":true,"href":"https:\/\/test.realaligner.com\/pt-pt\/wp-json\/wp\/v2\/comments?post=2477"}],"version-history":[{"count":10,"href":"https:\/\/test.realaligner.com\/pt-pt\/wp-json\/wp\/v2\/pages\/2477\/revisions"}],"predecessor-version":[{"id":4169,"href":"https:\/\/test.realaligner.com\/pt-pt\/wp-json\/wp\/v2\/pages\/2477\/revisions\/4169"}],"wp:attachment":[{"href":"https:\/\/test.realaligner.com\/pt-pt\/wp-json\/wp\/v2\/media?parent=2477"}],"curies":[{"name":"wp","href":"https:\/\/api.w.org\/{rel}","templated":true}]}}